{"id":14,"date":"2024-09-03T22:47:31","date_gmt":"2024-09-03T20:47:31","guid":{"rendered":"http:\/\/szansanasukces.cityschool.pl\/?page_id=14"},"modified":"2024-09-09T08:51:33","modified_gmt":"2024-09-09T06:51:33","slug":"slownik-pojec","status":"publish","type":"page","link":"http:\/\/szansanasukces.cityschool.pl\/?page_id=14","title":{"rendered":"S\u0141OWNIK POJ\u0118\u0106"},"content":{"rendered":"\n<p><strong>Projekt <\/strong>&#8211; \u201eSzansa na sukces\u201d realizowany na terenie wojew\u00f3dztwa lubelskiego w ramach Programu Fundusze Europejskie dla Lubelskiego 2021-2027 wsp\u00f3\u0142finansowanego ze \u015brodk\u00f3w Europejskiego Funduszu Spo\u0142ecznego Plus w ramach konkursu nr FELU.08.01-IP.02-001\/23, og\u0142oszonego w ramach Osi Priorytetowej 8.; Dzia\u0142anie 8.1 Aktywizacja Spo\u0142eczna i zawodowa.<\/p>\n\n\n\n<p><strong>Projektodawca<\/strong> &#8211; CITYSCHOOL Sp. z o.o., ul. Ho\u017ca 66\/68, 00-682 Warszawa, zwany r\u00f3wnie\u017c Realizatorem b\u0105d\u017a Organizatorem.<\/p>\n\n\n\n<p><strong>Instytucja Po\u015brednicz\u0105ca (IP) <\/strong>\u2013 oznacza to Wojew\u00f3dztwo Lubelskie (Wojew\u00f3dzki Urz\u0105d Pracy w Lublinie, kt\u00f3remu zosta\u0142a powierzona w drodze porozumienia zawartego z Zarz\u0105dem Wojew\u00f3dztwa Lubelskiego realizacja zada\u0144 w ramach programu Fundusze Europejskie dla Lubelskiego 2021-2027.<\/p>\n\n\n\n<p><strong>Kandydat\/-ka na Uczestnika\/-czk\u0119 Projektu<\/strong> \u2013 osoba fizyczna (kobieta lub m\u0119\u017cczyzna), kt\u00f3ra z\u0142o\u017cy\u0142a dokumenty rekrutacyjne wymagane na etapie rekrutacji, wskazane w niniejszym Regulaminie.<\/p>\n\n\n\n<p><strong>Uczestnik\/-czka Projektu<\/strong> \u2013 Kandydat\/-ka, kt\u00f3ry\/-a zosta\u0142\/-a zakwalifikowany\/-a do projektu, podpisa\u0142\/-a umow\u0119 uczestnictwa i dostarczy\u0142\/-a wszelkie wymagane \u00a0dokumenty rekrutacyjne\u00a0    i skorzysta\u0142\/-a z co najmniej jednej formy wsparcia w ramach projektu.<\/p>\n\n\n\n<p><strong>Koordynator Projektu <\/strong>\u2013 oznacza osob\u0119 oceniaj\u0105c\u0105 kwestionariusze zg\u0142oszeniowe i dokonuj\u0105ca kwalifikacji Uczestnik\u00f3w\/-czek Projektu.<\/p>\n\n\n\n<p><strong>Umowa uczestnictwa w projekcie <\/strong>\u2013 oznaczato umow\u0119 zawieran\u0105 pomi\u0119dzy Uczestnikiem\/-czk\u0105 Projektu i Realizatorem projektu okre\u015blaj\u0105c\u0105 warunki Uczestnictwa w projekcie, m.in. rodzaj, miejsce i okres realizowanego wsparcia oraz zasady dot. zwrotu koszt\u00f3w dojazdu.<\/p>\n\n\n\n<p><strong>Osoba niepe\u0142nosprawna<\/strong> \u2013 osoba niepe\u0142nosprawna w rozumieniu przepis\u00f3w ustawy z dnia                  27 sierpnia 1997 r. o rehabilitacji zawodowej i spo\u0142ecznej oraz zatrudnieniu os\u00f3b niepe\u0142nosprawnych (Dz.U. z 2011 r. Nr 127 poz. 721, z p\u00f3\u017an. zm.) lub osoba z zaburzeniami psychicznymi, w rozumieniu ustawy z dnia 19 sierpnia 1994 r. o ochronie zdrowia psychicznego (t.j. Dz.U. z 2016 poz. 546, z p\u00f3\u017an. zm.), tj. osoby z odpowiednim orzeczeniem lub innym dokumentem po\u015bwiadczaj\u0105cym stan zdrowia.<\/p>\n\n\n\n<p><strong>Dzie\u0144 przyst\u0105pienia do projektu\/rozpocz\u0119cia udzia\u0142u w projekcie<\/strong> \u2013 dzie\u0144 podpisania umowy uczestnictwa i jednocze\u015bnie dzie\u0144 pierwszej formy wsparcia.<\/p>\n\n\n\n<p><strong>Miejsce zamieszkania<\/strong> \u2013 w rozumieniu art. 25 Kodeksu Cywilnego \u2013 miejscowo\u015b\u0107, w kt\u00f3rej dana osoba przebywa z zamiarem sta\u0142ego pobytu.<\/p>\n\n\n\n<p><strong>Osoba bezrobotna <\/strong>&#8211; osoba pozostaj\u0105ca bez pracy, gotowa do podj\u0119cia pracy i aktywnie poszukuj\u0105ca zatrudnienia. Definicja ta uwzgl\u0119dnia wszystkie osoby zarejestrowane jako bezrobotne zgodnie z krajow\u0105 definicj\u0105, nawet je\u017celi nie spe\u0142niaj\u0105 one wszystkich trzech kryteri\u00f3w wskazanych wy\u017cej. Osoby kwalifikuj\u0105ce si\u0119 do urlopu macierzy\u0144skiego lub rodzicielskiego, kt\u00f3re s\u0105 bezrobotne w rozumieniu niniejszej definicji (nie pobieraj\u0105 \u015bwiadcze\u0144     z tytu\u0142u urlopu), nale\u017cy wykazywa\u0107 r\u00f3wnie\u017c jako osoby bezrobotne. Osoby aktywnie poszukuj\u0105ce zatrudnienia to osoby zarejestrowane\u00a0w urz\u0119dzie pracy jako bezrobotne lub poszukuj\u0105ce pracy lub niezarejestrowane, lecz spe\u0142niaj\u0105ce powy\u017csze przes\u0142anki, tj. gotowo\u015b\u0107 do podj\u0119cia pracy i aktywne poszukiwanie zatrudnienia.<\/p>\n\n\n\n<p><strong>Osoba d\u0142ugotrwale bezrobotna<\/strong> \u2013 oznacza to osob\u0119 bezrobotn\u0105 pozostaj\u0105c\u0105 w rejestrze PUP przez okres ponad 12 miesi\u0119cy w okresie ostatnich 2 lat, z wy\u0142\u0105czeniem okres\u00f3w odbywania sta\u017cu i przygotowania zawodowego doros\u0142ych.<\/p>\n\n\n\n<p><strong>Osoba bierna zawodowo<\/strong> \u2013 oznacza to osob\u0119, kt\u00f3ra w danej chwili nie tworzy zasob\u00f3w si\u0142y roboczej (tzn. nie jest osob\u0105 pracuj\u0105c\u0105 ani bezrobotn\u0105). Za osoby bierne zawodowo uznawani s\u0105 m.in.:<\/p>\n\n\n\n<ul class=\"wp-block-list\">\n<li>Studenci studi\u00f3w stacjonarnych, chyba \u017ce s\u0105 ju\u017c zatrudnieni (r\u00f3wnie\u017c na cz\u0119\u015b\u0107 etatu) to w\u00f3wczas powinni by\u0107 wykazywani jako osoby pracuj\u0105ce;<\/li>\n\n\n\n<li>Dzieci i m\u0142odzie\u017c do 18 r. \u017c. Pobieraj\u0105cy nauk\u0119 o ile nie spe\u0142niaj\u0105 przes\u0142anek na podstawie, kt\u00f3rych mo\u017cna je zaliczy\u0107 do os\u00f3b bezrobotnych lub pracuj\u0105cych;<\/li>\n\n\n\n<li>Doktoranci, kt\u00f3rzy nie s\u0105 zatrudnieni na uczelni, w innej instytucji lub przedsi\u0119biorstwie.&nbsp;W przypadku, gdy doktorant wykonuje obowi\u0105zki s\u0142u\u017cbowe, za kt\u00f3re otrzymuje wynagrodzenie lub prowadzi dzia\u0142alno\u015b\u0107 gospodarcz\u0105 nale\u017cy traktowa\u0107 go jako osob\u0119 pracuj\u0105c\u0105. W przypadku, gdy doktorant jest zarejestrowany jako bezrobotny, nale\u017cy go wykaza\u0107 we wska\u017aniku dotycz\u0105cym os\u00f3b bezrobotnych.<\/li>\n<\/ul>\n\n\n\n<p><strong>GPR &#8211;<\/strong> Gminy Program Rewitalizacji dla Lublina na lata 2023-2030.<\/p>\n\n\n\n<p><strong>Wiek uczestnik\u00f3w projektu<\/strong> jest okre\u015blany na podstawie daty urodzenia i ustalany w dniu rozpocz\u0119cia udzia\u0142u w projekcie za okazaniem Dowodu Osobistego.<\/p>\n\n\n\n<p><strong>Osoba znajduj\u0105ca si\u0119 w lepszej sytuacji na rynku pracy <\/strong>\u2013 oznacza osob\u0119, kt\u00f3rej sytuacja na rynku pracy ulega\u0142a poprawie w wyniku udzia\u0142u w projekcie w zakresie godzenia \u017cycia zawodowego&nbsp;i spo\u0142ecznego. Poprzez popraw\u0119 sytuacji na rynku pracy nale\u017cy rozumie\u0107 w szczeg\u00f3lno\u015bci: podj\u0119cie pracy lub powr\u00f3t na rynek pracy po przerwie zwi\u0105zanej z urodzeniem\/wychowaniem dziecka lub popraw\u0119 warunk\u00f3w pracy lub przej\u015bcie z niepewnego do stabilnego zatrudnienia lub przej\u015bcie&nbsp;z niepe\u0142nego zatrudnienia do pe\u0142nego zatrudnienia lub zmiana stanowiska pracy na wymagaj\u0105ce wy\u017cszych kompetencji\/umiej\u0119tno\u015bci\/kwalifikacji, wi\u0105\u017c\u0105ce si\u0119 z wi\u0119ksz\u0105 odpowiedzialno\u015bci\u0105 lub &nbsp;otrzymanie awansu lub podwy\u017cszenie wynagrodzenia powy\u017cej rocznej stopy inflacji p\u0142ac w kraju, do&nbsp; &nbsp;4 tygodni po zako\u0144czeniu udzia\u0142u w projekcie EFS+.<\/p>\n\n\n\n<p><strong>&nbsp;Osoby wykluczone spo\u0142ecznie, zagro\u017cone ub\u00f3stwem lub wykluczeniem spo\u0142ecznym:<\/strong><\/p>\n\n\n\n<p>a) osoby lub rodziny korzystaj\u0105ce ze \u015bwiadcze\u0144 z pomocy spo\u0142ecznej zgodnie z ustaw\u0105 z dnia 12 marca 2004 r. o pomocy spo\u0142ecznej lub kwalifikuj\u0105ce si\u0119 do obj\u0119cia wsparciem pomocy spo\u0142ecznej, tj. spe\u0142niaj\u0105ce co najmniej jedn\u0105 z przes\u0142anek okre\u015blonych w art. 7 ustawy z dnia 12 marca 2004 r. o pomocy spo\u0142ecznej;<\/p>\n\n\n\n<p>&nbsp;b) osoby, o kt\u00f3rych mowa w art. 1 ust. 2 ustawy z dnia 13 czerwca 2003 r. o zatrudnieniu socjalnym;<\/p>\n\n\n\n<p>c) osoby przebywaj\u0105ce w pieczy zast\u0119pczej lub opuszczaj\u0105ce piecz\u0119 zast\u0119pcz\u0105 oraz rodziny prze\u017cywaj\u0105ce trudno\u015bci w pe\u0142nieniu funkcji opieku\u0144czo-wychowawczych, o kt\u00f3rych mowa w ustawie z dnia 9 czerwca 2011 r. o wspieraniu rodziny i systemie pieczy zast\u0119pczej;<\/p>\n\n\n\n<p>d) osoby nieletnie, wobec kt\u00f3rych zastosowano \u015brodki zapobiegania i zwalczania demoralizacji przest\u0119pczo\u015bci zgodnie z ustaw\u0105 z dnia 26 pa\u017adziernika 1982 r. o post\u0119powaniu w sprawach nieletnich (Dz. U. z 2018 r. poz. 969);<\/p>\n\n\n\n<p>e) osoby przebywaj\u0105ce w m\u0142odzie\u017cowych o\u015brodkach wychowawczych i m\u0142odzie\u017cowych o\u015brodkach socjoterapii, o kt\u00f3rych mowa w ustawie z dnia 7 wrze\u015bnia 1991 r. o systemie o\u015bwiaty (Dz. U. z 2018 r. poz. 1457, z p\u00f3\u017an. zm.);<\/p>\n\n\n\n<p>f) osoby z niepe\u0142nosprawno\u015bci\u0105 \u2013 osoby z niepe\u0142nosprawno\u015bci\u0105 w rozumieniu wytycznych ministra w\u0142a\u015bciwego ds. rozwoju regionalnego dotycz\u0105cych realizacji zasad r\u00f3wno\u015bciowych w ramach funduszy unijnych na lata 2021-2027 lub ucze\u0144 albo dziecko w lub dzieci i m\u0142odzie\u017c posiadaj\u0105ca orzeczenia o potrzebie zaj\u0119\u0107 rewalidacyjno-wychowawczych wydawane ze wzgl\u0119du na niepe\u0142nosprawno\u015b\u0107 intelektualn\u0105 w stopniu g\u0142\u0119bokim, orzeczenia uczni\u00f3w, dzieci lub m\u0142odzie\u017cy wydawane s\u0105 przez zesp\u00f3\u0142 orzekaj\u0105cy dzia\u0142aj\u0105cy w publicznej poradni psychologiczno-pedagogicznej, w&nbsp;tym poradni specjalistycznej,<\/p>\n\n\n\n<p>&nbsp;g) cz\u0142onkowie gospodarstw domowych sprawuj\u0105cy opiek\u0119 nad osob\u0105 z niepe\u0142nosprawno\u015bci\u0105, o ile co najmniej jeden z nich nie pracuje ze wzgl\u0119du na konieczno\u015b\u0107 sprawowania opieki nad osob\u0105 z niepe\u0142nosprawno\u015bci\u0105;<\/p>\n\n\n\n<p>h) osoby potrzebuj\u0105ce wsparcia w codziennym funkcjonowaniu;<\/p>\n\n\n\n<p>i) osoby bezdomne lub dotkni\u0119te wykluczeniem z dost\u0119pu do mieszka\u0144 w rozumieniu Wytycznych dotycz\u0105cych realizacji projekt\u00f3w z udzia\u0142em \u015brodk\u00f3w EFS+ w regionalnych programach na lata 2021-2027<\/p>\n\n\n\n<p>j) &nbsp;osoby odbywaj\u0105ce kary pozbawienia wolno\u015bci;<\/p>\n\n\n\n<p>k) osoby korzystaj\u0105ce z POP\u017b.<\/p>\n\n\n\n<p><strong>Osoba z wykszta\u0142ceniem co najwy\u017cej \u015brednim I stopnia (ISCED 0-2) <\/strong>\u2013 to osoba, kt\u00f3rej najwy\u017cszy osi\u0105gni\u0119ty poziom wykszta\u0142cenia to wykszta\u0142cenie gimnazjalne lub podstawowe (8 klas szko\u0142y podstawowej) (poziom ISCED 0-2) zgodnie z Mi\u0119dzynarodow\u0105 Standardow\u0105 Klasyfikacj\u0105 Kszta\u0142cenia UNESCO, tj. Osoba uczestnicz\u0105ca we wczesnej edukacji (ISCED0), osoba, kt\u00f3ra uczestniczy lub zako\u0144czy\u0142a edukacj\u0119 najwy\u017cej na poziomie podstawowym (ISCED1-2) i osoba, kt\u00f3ra zako\u0144czy\u0142a edukacj\u0119 najwy\u017cej na poziomie gimnazjalnym (ISCED2), a tak\u017ce osoba, kt\u00f3ra nie osi\u0105gn\u0119\u0142a \u017cadnego poziomu wykszta\u0142cenia (ISCED 0);<\/p>\n\n\n\n<p><strong>Osoba z wykszta\u0142ceniem na poziomie \u015brednim II stopnia (ISCED 3) <\/strong>\u2013 to osoba, kt\u00f3rej najwy\u017cszy osi\u0105gni\u0119ty poziom wykszta\u0142cenia to wykszta\u0142cenie \u015brednie II stopnia \u2013 czyli ponadgimnazjalne lub ponadpodstawowe (poziom ISCED 3) albo wykszta\u0142cenie policealne (ISCED4) zgodnie z Mi\u0119dzynarodow\u0105 Standardow\u0105 Klasyfikacj\u0105 Kszta\u0142cenia UNESCO; <\/p>\n\n\n\n<p><strong>Osoba z wykszta\u0142ceniem wy\u017cszym (ISCED 5-8) <\/strong>\u2013 to osoba, kt\u00f3rej najwy\u017cszy poziom wykszta\u0142cenia to wykszta\u0142cenie wy\u017csze (ISCED 5-8), zgodnie z Mi\u0119dzynarodow\u0105 Standardow\u0105 Klasyfikacj\u0105 Kszta\u0142cenia UNESCO; rozpoczynaj\u0105c od na uko\u0144czonych studiach kr\u00f3tkiego cyklu (ISCED5), przez studia licencjackie i ich odpowiedniki (ISECE6), studia magisterskie i ich odpowiedniki (ISCED7) a\u017c po studia doktoranckie i ich odpowiedniki (ISCED8);<\/p>\n","protected":false},"excerpt":{"rendered":"<p>Projekt &#8211; \u201eSzansa na sukces\u201d realizowany na terenie wojew\u00f3dztwa lubelskiego w ramach Programu Fundusze Europejskie dla Lubelskiego 2021-2027 wsp\u00f3\u0142finansowanego ze \u015brodk\u00f3w Europejskiego Funduszu Spo\u0142ecznego Plus w ramach konkursu nr FELU.08.01-IP.02-001\/23, og\u0142oszonego w ramach Osi Priorytetowej 8.; Dzia\u0142anie 8.1 Aktywizacja Spo\u0142eczna i zawodowa. Projektodawca &#8211; CITYSCHOOL Sp. z o.o., ul. Ho\u017ca 66\/68, 00-682 Warszawa, zwany r\u00f3wnie\u017c &hellip; <a href=\"http:\/\/szansanasukces.cityschool.pl\/?page_id=14\" class=\"more-link\">Continue reading <span class=\"screen-reader-text\">S\u0141OWNIK POJ\u0118\u0106<\/span> <span class=\"meta-nav\">&rarr;<\/span><\/a><\/p>\n","protected":false},"author":1,"featured_media":0,"parent":0,"menu_order":0,"comment_status":"closed","ping_status":"closed","template":"","meta":{"footnotes":""},"class_list":["post-14","page","type-page","status-publish","hentry"],"_links":{"self":[{"href":"http:\/\/szansanasukces.cityschool.pl\/index.php?rest_route=\/wp\/v2\/pages\/14","targetHints":{"allow":["GET"]}}],"collection":[{"href":"http:\/\/szansanasukces.cityschool.pl\/index.php?rest_route=\/wp\/v2\/pages"}],"about":[{"href":"http:\/\/szansanasukces.cityschool.pl\/index.php?rest_route=\/wp\/v2\/types\/page"}],"author":[{"embeddable":true,"href":"http:\/\/szansanasukces.cityschool.pl\/index.php?rest_route=\/wp\/v2\/users\/1"}],"replies":[{"embeddable":true,"href":"http:\/\/szansanasukces.cityschool.pl\/index.php?rest_route=%2Fwp%2Fv2%2Fcomments&post=14"}],"version-history":[{"count":2,"href":"http:\/\/szansanasukces.cityschool.pl\/index.php?rest_route=\/wp\/v2\/pages\/14\/revisions"}],"predecessor-version":[{"id":58,"href":"http:\/\/szansanasukces.cityschool.pl\/index.php?rest_route=\/wp\/v2\/pages\/14\/revisions\/58"}],"wp:attachment":[{"href":"http:\/\/szansanasukces.cityschool.pl\/index.php?rest_route=%2Fwp%2Fv2%2Fmedia&parent=14"}],"curies":[{"name":"wp","href":"https:\/\/api.w.org\/{rel}","templated":true}]}}