{"id":2,"date":"2024-09-03T22:26:36","date_gmt":"2024-09-03T20:26:36","guid":{"rendered":"http:\/\/szansanasukces.cityschool.pl\/?page_id=2"},"modified":"2025-08-04T09:41:26","modified_gmt":"2025-08-04T07:41:26","slug":"przykladowa-strona","status":"publish","type":"page","link":"http:\/\/szansanasukces.cityschool.pl\/","title":{"rendered":"O PROJEKCIE"},"content":{"rendered":"\n<p><strong>INFORMACJA DLA UCZESTNIK\u00d3W\/-CZEK DOTYCZ\u0104CA DOP\u0141AT DO STYPEDIUM SZKOLENIOWEGO I STYPENDIUM  STA\u017bOWEGO<\/strong><\/p>\n\n\n\n<div data-wp-interactive=\"core\/file\" class=\"wp-block-file\"><object data-wp-bind--hidden=\"!state.hasPdfPreview\" hidden class=\"wp-block-file__embed\" data=\"http:\/\/szansanasukces.cityschool.pl\/wp-content\/uploads\/2025\/08\/Cityschool-Sp-info-na-strone-v.2.pdf\" type=\"application\/pdf\" style=\"width:100%;height:600px\" aria-label=\"Embed of Cityschool Sp info na stron\u0119 v.2.\"><\/object><a id=\"wp-block-file--media-69c6f64c-9708-452b-917e-ccded789e9b6\" href=\"http:\/\/szansanasukces.cityschool.pl\/wp-content\/uploads\/2025\/08\/Cityschool-Sp-info-na-strone-v.2.pdf\">Cityschool Sp info na stron\u0119 v.2<\/a><a href=\"http:\/\/szansanasukces.cityschool.pl\/wp-content\/uploads\/2025\/08\/Cityschool-Sp-info-na-strone-v.2.pdf\" class=\"wp-block-file__button wp-element-button\" download aria-describedby=\"wp-block-file--media-69c6f64c-9708-452b-917e-ccded789e9b6\">Pobierz<\/a><\/div>\n\n\n\n<p class=\"has-text-align-center\"><strong>Cityschool Sp. z o.o. zaprasza do udzia\u0142u w Projekcie:<\/strong><\/p>\n\n\n\n<p class=\"has-text-align-center has-medium-font-size\"><strong>\u201eSZANSA NA SUKCES\u201d<\/strong> &#8211; <strong>FELU.08.01-IP.02-0095\/23<\/strong><\/p>\n\n\n\n<p class=\"has-text-align-center has-medium-font-size\"><strong>CEL: <\/strong><\/p>\n\n\n\n<p>podniesienie aktywno\u015bci spo\u0142eczno-zawodowej oraz zdolno\u015bci do zatrudnienia u 60 os\u00f3b bez zatrudnienia, wykluczonych spo\u0142ecznie lub zagro\u017conych wykluczeniem\/ub\u00f3stwem z woj. lubelskiego (38 kobiet, 22 m\u0119\u017cczyzn), poprzez skorzystanie z kompleksowego programu aktywizacji spo\u0142eczno-zawodowej w okresie od 01.08.2024 r. do 30.06.2025 r.<\/p>\n\n\n\n<p class=\"has-text-align-center has-medium-font-size\"><strong>G\u0142\u00f3wne efekty\/rezultaty projektu:<\/strong><\/p>\n\n\n\n<ul class=\"wp-block-list\">\n<li>Liczba os\u00f3b, kt\u00f3re uzyska\u0142y kwalifikacje po opuszczeniu programu \u2013 <strong>48 os. (28K\/20M)<\/strong><\/li>\n\n\n\n<li>Liczba os\u00f3b pracuj\u0105cych, \u0142\u0105cznie z prowadz\u0105cymi dzia\u0142alno\u015b\u0107 na w\u0142asny rachunek po opuszczeniu programu \u2013 <strong>15 os. (9K\/6M)<\/strong><\/li>\n\n\n\n<li>Liczba os\u00f3b znajduj\u0105cych si\u0119 w lepszej sytuacji na rynku pracy po opuszczeniu programu \u2013 <strong>30 os. (18K\/12M)<\/strong><\/li>\n\n\n\n<li>Liczba os\u00f3b poszukuj\u0105cych pracy po opuszczeniu programu \u2013 <strong>30 os. (18K\/12M)<\/strong><\/li>\n\n\n\n<li>Liczba&nbsp; os\u00f3b z niepe\u0142nosprawno\u015bciami obj\u0119tych wsparciem w programie &#8211; &nbsp;<strong>6 os. (4K\/2M<\/strong><\/li>\n<\/ul>\n\n\n\n<p class=\"has-text-align-center has-light-brown-background-color has-background\"><strong>CA\u0141KOWITA WARTO\u015a\u0106 PROJEKTU: 1&nbsp;037 084,45 PLN<\/strong><\/p>\n\n\n\n<p class=\"has-text-align-center has-light-brown-background-color has-background\"><strong>WARTO\u015a\u0106 DOFINANSOWANIA: 881&nbsp;521,78 PLN<\/strong><\/p>\n\n\n\n<hr class=\"wp-block-separator has-alpha-channel-opacity\"\/>\n\n\n\n<div class=\"wp-block-columns is-layout-flex wp-container-core-columns-is-layout-9d6595d7 wp-block-columns-is-layout-flex\">\n<div class=\"wp-block-column is-layout-flow wp-block-column-is-layout-flow\">\n<p><a href=\"http:\/\/www.mapadotacji.gov.pl\">www.mapadotacji.gov.pl<\/a><\/p>\n<\/div>\n\n\n\n<div class=\"wp-block-column is-layout-flow wp-block-column-is-layout-flow\">\n<p><strong>#FunduszeEuropejskie #FunduszeUE<\/strong><\/p>\n<\/div>\n<\/div>\n\n\n\n<hr class=\"wp-block-separator has-alpha-channel-opacity\"\/>\n\n\n\n<p>Media spo\u0142eczno\u015bciowe:<a href=\"https:\/\/www.facebook.com\/people\/Cityschool-Szkolenia\/100075998835977\/\">https:\/\/www.facebook.com\/people\/Cityschool-Szkolenia\/100075998835977\/<\/a><\/p>\n","protected":false},"excerpt":{"rendered":"<p>INFORMACJA DLA UCZESTNIK\u00d3W\/-CZEK DOTYCZ\u0104CA DOP\u0141AT DO STYPEDIUM SZKOLENIOWEGO I STYPENDIUM STA\u017bOWEGO Cityschool Sp. z o.o. zaprasza do udzia\u0142u w Projekcie: \u201eSZANSA NA SUKCES\u201d &#8211; FELU.08.01-IP.02-0095\/23 CEL: podniesienie aktywno\u015bci spo\u0142eczno-zawodowej oraz zdolno\u015bci do zatrudnienia u 60 os\u00f3b bez zatrudnienia, wykluczonych spo\u0142ecznie lub zagro\u017conych wykluczeniem\/ub\u00f3stwem z woj. lubelskiego (38 kobiet, 22 m\u0119\u017cczyzn), poprzez skorzystanie z kompleksowego programu &hellip; <a href=\"http:\/\/szansanasukces.cityschool.pl\/\" class=\"more-link\">Continue reading <span class=\"screen-reader-text\">O PROJEKCIE<\/span> <span class=\"meta-nav\">&rarr;<\/span><\/a><\/p>\n","protected":false},"author":1,"featured_media":0,"parent":0,"menu_order":0,"comment_status":"closed","ping_status":"open","template":"","meta":{"footnotes":""},"class_list":["post-2","page","type-page","status-publish","hentry"],"_links":{"self":[{"href":"http:\/\/szansanasukces.cityschool.pl\/index.php?rest_route=\/wp\/v2\/pages\/2","targetHints":{"allow":["GET"]}}],"collection":[{"href":"http:\/\/szansanasukces.cityschool.pl\/index.php?rest_route=\/wp\/v2\/pages"}],"about":[{"href":"http:\/\/szansanasukces.cityschool.pl\/index.php?rest_route=\/wp\/v2\/types\/page"}],"author":[{"embeddable":true,"href":"http:\/\/szansanasukces.cityschool.pl\/index.php?rest_route=\/wp\/v2\/users\/1"}],"replies":[{"embeddable":true,"href":"http:\/\/szansanasukces.cityschool.pl\/index.php?rest_route=%2Fwp%2Fv2%2Fcomments&post=2"}],"version-history":[{"count":7,"href":"http:\/\/szansanasukces.cityschool.pl\/index.php?rest_route=\/wp\/v2\/pages\/2\/revisions"}],"predecessor-version":[{"id":129,"href":"http:\/\/szansanasukces.cityschool.pl\/index.php?rest_route=\/wp\/v2\/pages\/2\/revisions\/129"}],"wp:attachment":[{"href":"http:\/\/szansanasukces.cityschool.pl\/index.php?rest_route=%2Fwp%2Fv2%2Fmedia&parent=2"}],"curies":[{"name":"wp","href":"https:\/\/api.w.org\/{rel}","templated":true}]}}